{"id":1718,"date":"2020-09-17T10:26:38","date_gmt":"2020-09-17T10:26:38","guid":{"rendered":"https:\/\/devocionario.net\/index.php\/home\/"},"modified":"2023-08-03T16:40:46","modified_gmt":"2023-08-03T21:40:46","slug":"home","status":"publish","type":"page","link":"https:\/\/devocionario.net\/","title":{"rendered":""},"content":{"rendered":"\n<div class=\"wp-block-uagb-container uagb-block-14ec1341 alignfull uagb-is-root-container\"><div class=\"uagb-container-inner-blocks-wrap\">\n<div class=\"wp-block-uagb-advanced-heading uagb-block-8eaa50ec\"><h2 class=\"uagb-heading-text\">\u00daltimos devocionarios<\/h2><\/div>\n\n\n\n\t\t\t<div class=\"wp-block-uagb-post-grid uagb-post-grid  uagb-post__image-position-top uagb-post__image-enabled uagb-block-ae747bb3     uagb-post__items uagb-post__columns-3 is-grid uagb-post__columns-tablet-2 uagb-post__columns-mobile-1 uagb-post__equal-height\" data-total=\"176\" style=\"\">\n\n\t\t\t\t\t\t\t\t\t\t\t\t<article class=\"uagb-post__inner-wrap\">\t\t\t\t\t\t\t\t<div class='uagb-post__image'>\n\t\t\t\t\t\t\t\t\t<a href=\"https:\/\/devocionario.net\/index.php\/2026\/05\/12\/miercoles-sexta-semana-de-pascua-13-de-mayo-de-2026-ciclo-a\/\" target=\"_self\" rel=\"bookmark noopener noreferrer\" class='uagb-image-ratio-2-3'><img fetchpriority=\"high\" decoding=\"async\" width=\"612\" height=\"408\" src=\"https:\/\/devocionario.net\/wp-content\/uploads\/2026\/05\/13-de-mayo-2.jpg\" class=\"attachment-large size-large\" alt=\"\" srcset=\"https:\/\/devocionario.net\/wp-content\/uploads\/2026\/05\/13-de-mayo-2.jpg 612w, https:\/\/devocionario.net\/wp-content\/uploads\/2026\/05\/13-de-mayo-2-300x200.jpg 300w\" sizes=\"(max-width: 612px) 100vw, 612px\" \/>\t\t\t\t\t<\/a>\n\t\t\t\t\t\t\t<\/div>\n\t\t\t\t\t\t<h4 class=\"uagb-post__title uagb-post__text\">\n\t\t\t\t<a href=\"https:\/\/devocionario.net\/index.php\/2026\/05\/12\/miercoles-sexta-semana-de-pascua-13-de-mayo-de-2026-ciclo-a\/\" target=\"_self\" rel=\"bookmark noopener noreferrer\">MIERCOLES, Sexta Semana de Pascua , 13 de mayo de 2026 (Ciclo a)<\/a>\n\t\t\t<\/h4>\n\t\t\t\t\t\t<div class='uagb-post__text uagb-post-grid-byline'>\n\t\t\t\t\t\t\t\t<span class=\"uagb-post__author\">\n\t\t\t\t\t\t\t\t\t<a href=\"https:\/\/devocionario.net\/author\/ancarosa31gmail-com\/\" title=\"Entradas de PEREGRINOS DE LA ESPERANZA\" rel=\"author\">PEREGRINOS DE LA ESPERANZA<\/a>\t\t\t\t<\/span>\n\t\t\t\t\t\t\t<time datetime=\"2026-05-12T20:04:57-05:00\" class=\"uagb-post__date\">\n\t\t\t\t\t\t\t\t\t12 mayo, 2026\t\t\t\t<\/time>\n\t\t\t\t\t\t<\/div>\n\t\t\t\t\t\t\t<div class='uagb-post__text uagb-post__excerpt'>\n\t\t\t\t\t<p>SANTO DEL D\u00cdA NUESTRA SE\u00d1ORA DE FATIMA (1917) F\u00e1tima es una ciudad ubicada a 130&#8230;\t\t\t\t<\/div>\n\t\t\t\t\t\t<div class=\"uagb-post__text uagb-post__cta wp-block-button\">\n\t\t\t\t<a class=\"wp-block-button__link uagb-text-link\" style=\"\" href=\"https:\/\/devocionario.net\/index.php\/2026\/05\/12\/miercoles-sexta-semana-de-pascua-13-de-mayo-de-2026-ciclo-a\/\" target=\"_self\" rel=\"bookmark noopener noreferrer\">Leer m\u00e1s<\/a>\n\t\t\t<\/div>\n\t\t\t\n\t\t\t\t\t\t\t\t\t<\/article>\n\t\t\t\t\t\t\t\t\t\t\t\t\t\t\t\t<article class=\"uagb-post__inner-wrap\">\t\t\t\t\t\t\t\t<div class='uagb-post__image'>\n\t\t\t\t\t\t\t\t\t<a href=\"https:\/\/devocionario.net\/index.php\/2026\/05\/07\/viernes-quinta-semana-de-pascua-08-de-mayo-de-2026-ciclo-a\/\" target=\"_self\" rel=\"bookmark noopener noreferrer\" class='uagb-image-ratio-2-3'><img decoding=\"async\" width=\"1024\" height=\"626\" src=\"https:\/\/devocionario.net\/wp-content\/uploads\/2026\/05\/voyzan-landscape-4254269_1920-1024x626.jpg\" class=\"attachment-large size-large\" alt=\"\" srcset=\"https:\/\/devocionario.net\/wp-content\/uploads\/2026\/05\/voyzan-landscape-4254269_1920-1024x626.jpg 1024w, https:\/\/devocionario.net\/wp-content\/uploads\/2026\/05\/voyzan-landscape-4254269_1920-300x183.jpg 300w, https:\/\/devocionario.net\/wp-content\/uploads\/2026\/05\/voyzan-landscape-4254269_1920-768x470.jpg 768w, https:\/\/devocionario.net\/wp-content\/uploads\/2026\/05\/voyzan-landscape-4254269_1920-1536x939.jpg 1536w, https:\/\/devocionario.net\/wp-content\/uploads\/2026\/05\/voyzan-landscape-4254269_1920.jpg 1920w\" sizes=\"(max-width: 1024px) 100vw, 1024px\" \/>\t\t\t\t\t<\/a>\n\t\t\t\t\t\t\t<\/div>\n\t\t\t\t\t\t<h4 class=\"uagb-post__title uagb-post__text\">\n\t\t\t\t<a href=\"https:\/\/devocionario.net\/index.php\/2026\/05\/07\/viernes-quinta-semana-de-pascua-08-de-mayo-de-2026-ciclo-a\/\" target=\"_self\" rel=\"bookmark noopener noreferrer\">VIERNES, Quinta Semana de Pascua , 08 de mayo de 2026 (Ciclo a)<\/a>\n\t\t\t<\/h4>\n\t\t\t\t\t\t<div class='uagb-post__text uagb-post-grid-byline'>\n\t\t\t\t\t\t\t\t<span class=\"uagb-post__author\">\n\t\t\t\t\t\t\t\t\t<a href=\"https:\/\/devocionario.net\/author\/ancarosa31gmail-com\/\" title=\"Entradas de PEREGRINOS DE LA ESPERANZA\" rel=\"author\">PEREGRINOS DE LA ESPERANZA<\/a>\t\t\t\t<\/span>\n\t\t\t\t\t\t\t<time datetime=\"2026-05-07T21:24:26-05:00\" class=\"uagb-post__date\">\n\t\t\t\t\t\t\t\t\t7 mayo, 2026\t\t\t\t<\/time>\n\t\t\t\t\t\t<\/div>\n\t\t\t\t\t\t\t<div class='uagb-post__text uagb-post__excerpt'>\n\t\t\t\t\t<p>SANTO DEL D\u00cdA NUESTRA SE\u00d1ORA DE LUJ\u00c1N (1887) El portugu\u00e9s Antonio Far\u00edas, hacendado de Sumampa,&#8230;\t\t\t\t<\/div>\n\t\t\t\t\t\t<div class=\"uagb-post__text uagb-post__cta wp-block-button\">\n\t\t\t\t<a class=\"wp-block-button__link uagb-text-link\" style=\"\" href=\"https:\/\/devocionario.net\/index.php\/2026\/05\/07\/viernes-quinta-semana-de-pascua-08-de-mayo-de-2026-ciclo-a\/\" target=\"_self\" rel=\"bookmark noopener noreferrer\">Leer m\u00e1s<\/a>\n\t\t\t<\/div>\n\t\t\t\n\t\t\t\t\t\t\t\t\t<\/article>\n\t\t\t\t\t\t\t\t\t\t\t\t\t\t\t\t<article class=\"uagb-post__inner-wrap\">\t\t\t\t\t\t\t\t<div class='uagb-post__image'>\n\t\t\t\t\t\t\t\t\t<a href=\"https:\/\/devocionario.net\/index.php\/2026\/05\/06\/jueves-quinta-semana-de-pascua-07-de-mayo-de-2026-ciclo-a\/\" target=\"_self\" rel=\"bookmark noopener noreferrer\" class='uagb-image-ratio-2-3'><img decoding=\"async\" width=\"612\" height=\"408\" src=\"https:\/\/devocionario.net\/wp-content\/uploads\/2026\/05\/7-de-mayo.jpg\" class=\"attachment-large size-large\" alt=\"\" srcset=\"https:\/\/devocionario.net\/wp-content\/uploads\/2026\/05\/7-de-mayo.jpg 612w, https:\/\/devocionario.net\/wp-content\/uploads\/2026\/05\/7-de-mayo-300x200.jpg 300w\" sizes=\"(max-width: 612px) 100vw, 612px\" \/>\t\t\t\t\t<\/a>\n\t\t\t\t\t\t\t<\/div>\n\t\t\t\t\t\t<h4 class=\"uagb-post__title uagb-post__text\">\n\t\t\t\t<a href=\"https:\/\/devocionario.net\/index.php\/2026\/05\/06\/jueves-quinta-semana-de-pascua-07-de-mayo-de-2026-ciclo-a\/\" target=\"_self\" rel=\"bookmark noopener noreferrer\">JUEVES, Quinta Semana de Pascua , 07 de mayo de 2026 (Ciclo a)<\/a>\n\t\t\t<\/h4>\n\t\t\t\t\t\t<div class='uagb-post__text uagb-post-grid-byline'>\n\t\t\t\t\t\t\t\t<span class=\"uagb-post__author\">\n\t\t\t\t\t\t\t\t\t<a href=\"https:\/\/devocionario.net\/author\/ancarosa31gmail-com\/\" title=\"Entradas de PEREGRINOS DE LA ESPERANZA\" rel=\"author\">PEREGRINOS DE LA ESPERANZA<\/a>\t\t\t\t<\/span>\n\t\t\t\t\t\t\t<time datetime=\"2026-05-06T21:44:43-05:00\" class=\"uagb-post__date\">\n\t\t\t\t\t\t\t\t\t6 mayo, 2026\t\t\t\t<\/time>\n\t\t\t\t\t\t<\/div>\n\t\t\t\t\t\t\t<div class='uagb-post__text uagb-post__excerpt'>\n\t\t\t\t\t<p>SANTO DEL D\u00cdA SANTA FLAVIA DOMITILA (+ Siglo II) Santa Flavia Domitila estaba casada con&#8230;\t\t\t\t<\/div>\n\t\t\t\t\t\t<div class=\"uagb-post__text uagb-post__cta wp-block-button\">\n\t\t\t\t<a class=\"wp-block-button__link uagb-text-link\" style=\"\" href=\"https:\/\/devocionario.net\/index.php\/2026\/05\/06\/jueves-quinta-semana-de-pascua-07-de-mayo-de-2026-ciclo-a\/\" target=\"_self\" rel=\"bookmark noopener noreferrer\">Leer m\u00e1s<\/a>\n\t\t\t<\/div>\n\t\t\t\n\t\t\t\t\t\t\t\t\t<\/article>\n\t\t\t\t\t\t\t\t\t\t\t\t\t\t\t\t<article class=\"uagb-post__inner-wrap\">\t\t\t\t\t\t\t\t<div class='uagb-post__image'>\n\t\t\t\t\t\t\t\t\t<a href=\"https:\/\/devocionario.net\/index.php\/2026\/05\/05\/miercoles-quinta-semana-de-pascua-06-de-mayo-de-2026-ciclo-a\/\" target=\"_self\" rel=\"bookmark noopener noreferrer\" class='uagb-image-ratio-2-3'><img loading=\"lazy\" decoding=\"async\" width=\"768\" height=\"1024\" src=\"https:\/\/devocionario.net\/wp-content\/uploads\/2026\/05\/makamuki0-vine-1682105_1920-768x1024.jpg\" class=\"attachment-large size-large\" alt=\"\" srcset=\"https:\/\/devocionario.net\/wp-content\/uploads\/2026\/05\/makamuki0-vine-1682105_1920-768x1024.jpg 768w, https:\/\/devocionario.net\/wp-content\/uploads\/2026\/05\/makamuki0-vine-1682105_1920-225x300.jpg 225w, https:\/\/devocionario.net\/wp-content\/uploads\/2026\/05\/makamuki0-vine-1682105_1920-1152x1536.jpg 1152w, https:\/\/devocionario.net\/wp-content\/uploads\/2026\/05\/makamuki0-vine-1682105_1920.jpg 1440w\" sizes=\"(max-width: 768px) 100vw, 768px\" \/>\t\t\t\t\t<\/a>\n\t\t\t\t\t\t\t<\/div>\n\t\t\t\t\t\t<h4 class=\"uagb-post__title uagb-post__text\">\n\t\t\t\t<a href=\"https:\/\/devocionario.net\/index.php\/2026\/05\/05\/miercoles-quinta-semana-de-pascua-06-de-mayo-de-2026-ciclo-a\/\" target=\"_self\" rel=\"bookmark noopener noreferrer\">MIERCOLES, Quinta Semana de Pascua , 06 de mayo de 2026 (Ciclo a)<\/a>\n\t\t\t<\/h4>\n\t\t\t\t\t\t<div class='uagb-post__text uagb-post-grid-byline'>\n\t\t\t\t\t\t\t\t<span class=\"uagb-post__author\">\n\t\t\t\t\t\t\t\t\t<a href=\"https:\/\/devocionario.net\/author\/ancarosa31gmail-com\/\" title=\"Entradas de PEREGRINOS DE LA ESPERANZA\" rel=\"author\">PEREGRINOS DE LA ESPERANZA<\/a>\t\t\t\t<\/span>\n\t\t\t\t\t\t\t<time datetime=\"2026-05-05T19:51:15-05:00\" class=\"uagb-post__date\">\n\t\t\t\t\t\t\t\t\t5 mayo, 2026\t\t\t\t<\/time>\n\t\t\t\t\t\t<\/div>\n\t\t\t\t\t\t\t<div class='uagb-post__text uagb-post__excerpt'>\n\t\t\t\t\t<p>SANTO DEL D\u00cdA SANTO DOMINGO SAVIO (1842-1857) Santo Domingo nace en Riva del Piamonte (Italia),&#8230;\t\t\t\t<\/div>\n\t\t\t\t\t\t<div class=\"uagb-post__text uagb-post__cta wp-block-button\">\n\t\t\t\t<a class=\"wp-block-button__link uagb-text-link\" style=\"\" href=\"https:\/\/devocionario.net\/index.php\/2026\/05\/05\/miercoles-quinta-semana-de-pascua-06-de-mayo-de-2026-ciclo-a\/\" target=\"_self\" rel=\"bookmark noopener noreferrer\">Leer m\u00e1s<\/a>\n\t\t\t<\/div>\n\t\t\t\n\t\t\t\t\t\t\t\t\t<\/article>\n\t\t\t\t\t\t\t\t\t\t\t\t\t\t\t\t<article class=\"uagb-post__inner-wrap\">\t\t\t\t\t\t\t\t<div class='uagb-post__image'>\n\t\t\t\t\t\t\t\t\t<a href=\"https:\/\/devocionario.net\/index.php\/2026\/04\/29\/jueves-cuarta-semana-de-pascua-30-de-abril-de-2026-ciclo-a\/\" target=\"_self\" rel=\"bookmark noopener noreferrer\" class='uagb-image-ratio-2-3'><img loading=\"lazy\" decoding=\"async\" width=\"768\" height=\"1024\" src=\"https:\/\/devocionario.net\/wp-content\/uploads\/2026\/04\/loggawiggler-ritual-64444_1920-768x1024.jpg\" class=\"attachment-large size-large\" alt=\"\" srcset=\"https:\/\/devocionario.net\/wp-content\/uploads\/2026\/04\/loggawiggler-ritual-64444_1920-768x1024.jpg 768w, https:\/\/devocionario.net\/wp-content\/uploads\/2026\/04\/loggawiggler-ritual-64444_1920-225x300.jpg 225w, https:\/\/devocionario.net\/wp-content\/uploads\/2026\/04\/loggawiggler-ritual-64444_1920-1152x1536.jpg 1152w, https:\/\/devocionario.net\/wp-content\/uploads\/2026\/04\/loggawiggler-ritual-64444_1920.jpg 1440w\" sizes=\"(max-width: 768px) 100vw, 768px\" \/>\t\t\t\t\t<\/a>\n\t\t\t\t\t\t\t<\/div>\n\t\t\t\t\t\t<h4 class=\"uagb-post__title uagb-post__text\">\n\t\t\t\t<a href=\"https:\/\/devocionario.net\/index.php\/2026\/04\/29\/jueves-cuarta-semana-de-pascua-30-de-abril-de-2026-ciclo-a\/\" target=\"_self\" rel=\"bookmark noopener noreferrer\">JUEVES, Cuarta Semana de Pascua , 30 de abril de 2026 (Ciclo a)<\/a>\n\t\t\t<\/h4>\n\t\t\t\t\t\t<div class='uagb-post__text uagb-post-grid-byline'>\n\t\t\t\t\t\t\t\t<span class=\"uagb-post__author\">\n\t\t\t\t\t\t\t\t\t<a href=\"https:\/\/devocionario.net\/author\/ancarosa31gmail-com\/\" title=\"Entradas de PEREGRINOS DE LA ESPERANZA\" rel=\"author\">PEREGRINOS DE LA ESPERANZA<\/a>\t\t\t\t<\/span>\n\t\t\t\t\t\t\t<time datetime=\"2026-04-29T20:00:47-05:00\" class=\"uagb-post__date\">\n\t\t\t\t\t\t\t\t\t29 abril, 2026\t\t\t\t<\/time>\n\t\t\t\t\t\t<\/div>\n\t\t\t\t\t\t\t<div class='uagb-post__text uagb-post__excerpt'>\n\t\t\t\t\t<p>SANTO DEL D\u00cdA SAN PIO V (1504-1572) San Pio, su nombre Antonio Michele Ghisleri naci\u00f3&#8230;\t\t\t\t<\/div>\n\t\t\t\t\t\t<div class=\"uagb-post__text uagb-post__cta wp-block-button\">\n\t\t\t\t<a class=\"wp-block-button__link uagb-text-link\" style=\"\" href=\"https:\/\/devocionario.net\/index.php\/2026\/04\/29\/jueves-cuarta-semana-de-pascua-30-de-abril-de-2026-ciclo-a\/\" target=\"_self\" rel=\"bookmark noopener noreferrer\">Leer m\u00e1s<\/a>\n\t\t\t<\/div>\n\t\t\t\n\t\t\t\t\t\t\t\t\t<\/article>\n\t\t\t\t\t\t\t\t\t\t\t\t\t\t\t\t<article class=\"uagb-post__inner-wrap\">\t\t\t\t\t\t\t\t<div class='uagb-post__image'>\n\t\t\t\t\t\t\t\t\t<a href=\"https:\/\/devocionario.net\/index.php\/2026\/04\/28\/miercoles-cuarta-semana-de-pascua-29-de-abril-de-2026-ciclo-a\/\" target=\"_self\" rel=\"bookmark noopener noreferrer\" class='uagb-image-ratio-2-3'><img loading=\"lazy\" decoding=\"async\" width=\"1024\" height=\"683\" src=\"https:\/\/devocionario.net\/wp-content\/uploads\/2026\/04\/1857643-hand-4661763_1920-1024x683.jpg\" class=\"attachment-large size-large\" alt=\"\" srcset=\"https:\/\/devocionario.net\/wp-content\/uploads\/2026\/04\/1857643-hand-4661763_1920-1024x683.jpg 1024w, https:\/\/devocionario.net\/wp-content\/uploads\/2026\/04\/1857643-hand-4661763_1920-300x200.jpg 300w, https:\/\/devocionario.net\/wp-content\/uploads\/2026\/04\/1857643-hand-4661763_1920-768x512.jpg 768w, https:\/\/devocionario.net\/wp-content\/uploads\/2026\/04\/1857643-hand-4661763_1920-1536x1024.jpg 1536w, https:\/\/devocionario.net\/wp-content\/uploads\/2026\/04\/1857643-hand-4661763_1920.jpg 1920w\" sizes=\"(max-width: 1024px) 100vw, 1024px\" \/>\t\t\t\t\t<\/a>\n\t\t\t\t\t\t\t<\/div>\n\t\t\t\t\t\t<h4 class=\"uagb-post__title uagb-post__text\">\n\t\t\t\t<a href=\"https:\/\/devocionario.net\/index.php\/2026\/04\/28\/miercoles-cuarta-semana-de-pascua-29-de-abril-de-2026-ciclo-a\/\" target=\"_self\" rel=\"bookmark noopener noreferrer\">MIERCOLES, Cuarta Semana de Pascua , 29 de abril de 2026 (Ciclo a)<\/a>\n\t\t\t<\/h4>\n\t\t\t\t\t\t<div class='uagb-post__text uagb-post-grid-byline'>\n\t\t\t\t\t\t\t\t<span class=\"uagb-post__author\">\n\t\t\t\t\t\t\t\t\t<a href=\"https:\/\/devocionario.net\/author\/ancarosa31gmail-com\/\" title=\"Entradas de PEREGRINOS DE LA ESPERANZA\" rel=\"author\">PEREGRINOS DE LA ESPERANZA<\/a>\t\t\t\t<\/span>\n\t\t\t\t\t\t\t<time datetime=\"2026-04-28T20:11:38-05:00\" class=\"uagb-post__date\">\n\t\t\t\t\t\t\t\t\t28 abril, 2026\t\t\t\t<\/time>\n\t\t\t\t\t\t<\/div>\n\t\t\t\t\t\t\t<div class='uagb-post__text uagb-post__excerpt'>\n\t\t\t\t\t<p>SANTO DEL D\u00cdA SAN CATALINA DE SIENA (1347-1380) San Catalina naci\u00f3 en Siena (Italia), hija&#8230;\t\t\t\t<\/div>\n\t\t\t\t\t\t<div class=\"uagb-post__text uagb-post__cta wp-block-button\">\n\t\t\t\t<a class=\"wp-block-button__link uagb-text-link\" style=\"\" href=\"https:\/\/devocionario.net\/index.php\/2026\/04\/28\/miercoles-cuarta-semana-de-pascua-29-de-abril-de-2026-ciclo-a\/\" target=\"_self\" rel=\"bookmark noopener noreferrer\">Leer m\u00e1s<\/a>\n\t\t\t<\/div>\n\t\t\t\n\t\t\t\t\t\t\t\t\t<\/article>\n\t\t\t\t\t\t\t\t\t\t\t\t\t<div class=\"uagb-post-pagination-wrap\">\n\t\t\t\t\t\t<span aria-current=\"page\" class=\"page-numbers current\">1<\/span>\n<a class=\"page-numbers\" href=\"https:\/\/devocionario.net\/index.php\/wp-json\/wp\/v2\/pages\/1718\/page\/2\/\">2<\/a>\n<a class=\"page-numbers\" href=\"https:\/\/devocionario.net\/index.php\/wp-json\/wp\/v2\/pages\/1718\/page\/3\/\">3<\/a>\n<a class=\"page-numbers\" href=\"https:\/\/devocionario.net\/index.php\/wp-json\/wp\/v2\/pages\/1718\/page\/4\/\">4<\/a>\n<a class=\"page-numbers\" href=\"https:\/\/devocionario.net\/index.php\/wp-json\/wp\/v2\/pages\/1718\/page\/5\/\">5<\/a>\n<span class=\"page-numbers dots\">&hellip;<\/span>\n<a class=\"page-numbers\" href=\"https:\/\/devocionario.net\/index.php\/wp-json\/wp\/v2\/pages\/1718\/page\/7\/\">7<\/a>\n<a class=\"page-numbers\" href=\"https:\/\/devocionario.net\/index.php\/wp-json\/wp\/v2\/pages\/1718\/page\/8\/\">8<\/a>\n<a class=\"page-numbers\" href=\"https:\/\/devocionario.net\/index.php\/wp-json\/wp\/v2\/pages\/1718\/page\/9\/\">9<\/a>\n<a class=\"page-numbers\" href=\"https:\/\/devocionario.net\/index.php\/wp-json\/wp\/v2\/pages\/1718\/page\/10\/\">10<\/a>\n<a class=\"next page-numbers\" href=\"https:\/\/devocionario.net\/index.php\/wp-json\/wp\/v2\/pages\/1718\/page\/2\/\">Next \u00bb<\/a>\t\t\t\t\t<\/div>\n\t\t\t\t\t\t\t\t<\/div>\n\t\t\t<\/div><\/div>\n\n\n\n<div class=\"wp-block-uagb-container uagb-block-e1d97704 alignfull uagb-is-root-container\"><div class=\"uagb-container-inner-blocks-wrap\">\n<div class=\"wp-block-uagb-container uagb-block-7335a450\">\n<div class=\"wp-block-uagb-advanced-heading uagb-block-5eac82a7\"><h3 class=\"uagb-heading-text\">MEDITANDO EN LAS ENSE\u00d1ANZAS DE JESUCRISTO <\/h3><p class=\"uagb-desc-text\">CON EL EVANGELIO DIARIO ACRECENTAMOS NUESTRA FE Y ESPERANZA PARA VIVIR CONFORME A LA VOLUNTAD DEL PADRE CELESTIAL.<\/p><\/div>\n<\/div>\n<\/div><\/div>\n\n\n\n<div class=\"wp-block-uagb-container uagb-block-6e1adad8 alignfull uagb-is-root-container\"><div class=\"uagb-container-inner-blocks-wrap\">\n<div class=\"wp-block-uagb-container uagb-block-30eaa4c6\">\n<div class=\"wp-block-uagb-image alignleft uagb-block-dac78157 wp-block-uagb-image--layout-default wp-block-uagb-image--effect-static wp-block-uagb-image--align-left\"><figure class=\"wp-block-uagb-image__figure\"><img decoding=\"async\" srcset=\"https:\/\/devocionario.net\/wp-content\/uploads\/2023\/05\/1-SESION.jpg \" sizes=\"(max-width: 480px) 150px\" src=\"https:\/\/devocionario.net\/wp-content\/uploads\/2023\/05\/1-SESION.jpg\" alt=\"\" class=\"uag-image-2285\" title=\"\" loading=\"lazy\"\/><\/figure><\/div>\n<\/div>\n\n\n\n<div class=\"wp-block-uagb-container uagb-block-fdbf920d\">\n<div class=\"wp-block-uagb-advanced-heading uagb-block-65f28742\"><h3 class=\"uagb-heading-text\">EL LUGAR PARA ENCONTRARNOS CON LA PERSONA DE JES\u00daS<\/h3><p class=\"uagb-desc-text\">LOS EVANGELIOS NOS PERMITEN CONOCER LA VIDA P\u00daBLICA DE JES\u00daS Y EL AMOR DE DIOS PARA CON LA HUMANIDAD POR MEDIO DE  LOS ACONTECIMIENTOS REVELADOS EN LA SANTA BIBLIA. AL LEER EL MENSAJE DE JES\u00daS ESTAMOS ALIMENTANDO NUESTRO SER  Y PERMITIENDO QUE NUESTRA VIDA INICIE EL CAMINO DE LA CONVERSI\u00d3N.<\/p><\/div>\n\n\n\n<div class=\"wp-block-uagb-image alignleft uagb-block-0c701817 wp-block-uagb-image--layout-default wp-block-uagb-image--effect-static wp-block-uagb-image--align-left\"><figure class=\"wp-block-uagb-image__figure\"><img loading=\"lazy\" decoding=\"async\" srcset=\"https:\/\/devocionario.net\/wp-content\/uploads\/2023\/05\/firma-angela-.png \" sizes=\"auto, (max-width: 480px) 150px\" src=\"https:\/\/devocionario.net\/wp-content\/uploads\/2023\/05\/firma-angela-.png\" alt=\"\" class=\"uag-image-2213\" width=\"121\" height=\"40\" title=\"\" loading=\"lazy\"\/><\/figure><\/div>\n<\/div>\n<\/div><\/div>\n","protected":false},"excerpt":{"rendered":"<p>\u00daltimos devocionarios MEDITANDO EN LAS ENSE\u00d1ANZAS DE JESUCRISTO CON EL EVANGELIO DIARIO ACRECENTAMOS NUESTRA FE Y ESPERANZA PARA VIVIR CONFORME A LA VOLUNTAD DEL PADRE CELESTIAL. EL LUGAR PARA ENCONTRARNOS CON LA PERSONA DE JES\u00daS LOS EVANGELIOS NOS PERMITEN CONOCER LA VIDA P\u00daBLICA DE JES\u00daS Y EL AMOR DE DIOS PARA CON LA HUMANIDAD POR &hellip;<\/p>\n<p class=\"read-more\"> <a class=\"\" href=\"https:\/\/devocionario.net\/\">  Leer m\u00e1s &raquo;<\/a><\/p>\n","protected":false},"author":1,"featured_media":0,"parent":0,"menu_order":0,"comment_status":"closed","ping_status":"closed","template":"","meta":{"_uag_custom_page_level_css":"","site-sidebar-layout":"no-sidebar","site-content-layout":"plain-container","ast-global-header-display":"","ast-banner-title-visibility":"","ast-main-header-display":"","ast-hfb-above-header-display":"","ast-hfb-below-header-display":"","ast-hfb-mobile-header-display":"","site-post-title":"disabled","ast-breadcrumbs-content":"","ast-featured-img":"disabled","footer-sml-layout":"","theme-transparent-header-meta":"default","adv-header-id-meta":"","stick-header-meta":"","header-above-stick-meta":"","header-main-stick-meta":"","header-below-stick-meta":"","footnotes":""},"class_list":["post-1718","page","type-page","status-publish","hentry"],"uagb_featured_image_src":{"full":false,"thumbnail":false,"medium":false,"medium_large":false,"large":false,"1536x1536":false,"2048x2048":false},"uagb_author_info":{"display_name":"PEREGRINOS DE LA ESPERANZA","author_link":"https:\/\/devocionario.net\/author\/ancarosa31gmail-com\/"},"uagb_comment_info":0,"uagb_excerpt":"\u00daltimos devocionarios MEDITANDO EN LAS ENSE\u00d1ANZAS DE JESUCRISTO CON EL EVANGELIO DIARIO ACRECENTAMOS NUESTRA FE Y ESPERANZA PARA VIVIR CONFORME A LA VOLUNTAD DEL PADRE CELESTIAL. EL LUGAR PARA ENCONTRARNOS CON LA PERSONA DE JES\u00daS LOS EVANGELIOS NOS PERMITEN CONOCER LA VIDA P\u00daBLICA DE JES\u00daS Y EL AMOR DE DIOS PARA CON LA HUMANIDAD POR&hellip;","jetpack_sharing_enabled":true,"_links":{"self":[{"href":"https:\/\/devocionario.net\/index.php\/wp-json\/wp\/v2\/pages\/1718","targetHints":{"allow":["GET"]}}],"collection":[{"href":"https:\/\/devocionario.net\/index.php\/wp-json\/wp\/v2\/pages"}],"about":[{"href":"https:\/\/devocionario.net\/index.php\/wp-json\/wp\/v2\/types\/page"}],"author":[{"embeddable":true,"href":"https:\/\/devocionario.net\/index.php\/wp-json\/wp\/v2\/users\/1"}],"replies":[{"embeddable":true,"href":"https:\/\/devocionario.net\/index.php\/wp-json\/wp\/v2\/comments?post=1718"}],"version-history":[{"count":7,"href":"https:\/\/devocionario.net\/index.php\/wp-json\/wp\/v2\/pages\/1718\/revisions"}],"predecessor-version":[{"id":2620,"href":"https:\/\/devocionario.net\/index.php\/wp-json\/wp\/v2\/pages\/1718\/revisions\/2620"}],"wp:attachment":[{"href":"https:\/\/devocionario.net\/index.php\/wp-json\/wp\/v2\/media?parent=1718"}],"curies":[{"name":"wp","href":"https:\/\/api.w.org\/{rel}","templated":true}]}}